{"id":1687,"date":"2024-08-05T12:53:07","date_gmt":"2024-08-05T12:53:07","guid":{"rendered":"https:\/\/boutronic.nl\/?post_type=product&#038;p=1687"},"modified":"2024-08-05T14:55:11","modified_gmt":"2024-08-05T14:55:11","slug":"lightswitch-2","status":"publish","type":"product","link":"https:\/\/boutronic.nl\/en\/product\/lightswitch-2\/","title":{"rendered":"Lightswitch 2"},"content":{"rendered":"<p>Met \u00e9\u00e9n Lightswitch2 maakt u vier lichtgroepen van \u00e9\u00e9n netgroep, waarbij u elke groep\u00a0apart kunt schakelen. U kunt de groepen vanaf meerde plaatsen aansturen, zonder\u00a0ingewikkelde schakelingen.<\/p>\n<div>De Lightswitch2 is voorzien van drie preset ingangen, waarmee u de verlichting in uw hele\u00a0pand kunt uitschakelen als u het alarm activeert. Tot slot heeft de vernieuwde Lightswitch2\u00a0een ingebouwde Climate Control, waarmee u de verwarming of koeling\/airconditioning in de\u00a0ruimte kunt regelen.<\/div>\n<h2>Toepassingen<\/h2>\n<div><span lang=\"NL\">Hieronder ziet u de belangrijkste functies van de Lightswitch2.<\/span><\/div>\n<p>\u200b<\/p>\n<table style=\"width:60%\" border=\"1\" cellspacing=\"0\" cellpadding=\"0\">\n<tbody>\n<tr>\n<td align=\"center\" width=\"58\"><a href=\"https:\/\/boutronic.nl\/wp-content\/uploads\/2024\/08\/LS2_Lightbulb.jpg\"><img decoding=\"async\" class=\"alignnone wp-image-1681\" src=\"https:\/\/boutronic.nl\/wp-content\/uploads\/2024\/08\/LS2_Lightbulb.jpg\" alt=\"\" width=\"48\" height=\"48\" srcset=\"https:\/\/boutronic.nl\/wp-content\/uploads\/2024\/08\/LS2_Lightbulb.jpg 200w, https:\/\/boutronic.nl\/wp-content\/uploads\/2024\/08\/LS2_Lightbulb-150x150.jpg 150w, https:\/\/boutronic.nl\/wp-content\/uploads\/2024\/08\/LS2_Lightbulb-12x12.jpg 12w, https:\/\/boutronic.nl\/wp-content\/uploads\/2024\/08\/LS2_Lightbulb-100x100.jpg 100w\" sizes=\"(max-width: 48px) 100vw, 48px\" \/><\/a><\/td>\n<td width=\"549\">\n<div><strong><span lang=\"NL\">Verlichting in- en uitschakelen<\/span><\/strong><\/div>\n<div><span lang=\"NL\">Handmatig de verlichting schakelen en automatisch alle verlichting naar keuze in uw pand aan- of uitschakelen.<\/span><\/div>\n<\/td>\n<\/tr>\n<tr>\n<td align=\"center\" width=\"58\"><a href=\"https:\/\/boutronic.nl\/wp-content\/uploads\/2024\/08\/LS2_Rollshut.jpg\"><img decoding=\"async\" class=\"alignnone wp-image-1682\" src=\"https:\/\/boutronic.nl\/wp-content\/uploads\/2024\/08\/LS2_Rollshut.jpg\" alt=\"\" width=\"48\" height=\"48\" srcset=\"https:\/\/boutronic.nl\/wp-content\/uploads\/2024\/08\/LS2_Rollshut.jpg 200w, https:\/\/boutronic.nl\/wp-content\/uploads\/2024\/08\/LS2_Rollshut-150x150.jpg 150w, https:\/\/boutronic.nl\/wp-content\/uploads\/2024\/08\/LS2_Rollshut-12x12.jpg 12w, https:\/\/boutronic.nl\/wp-content\/uploads\/2024\/08\/LS2_Rollshut-100x100.jpg 100w\" sizes=\"(max-width: 48px) 100vw, 48px\" \/><\/a><\/td>\n<td width=\"549\">\n<div><strong><span lang=\"NL\">Rolluik besturing op\/neer<\/span><\/strong><\/div>\n<div><span lang=\"NL\">Tot twee rolluiken onafhankelijk sturen en automatich \u00e9\u00e9n of meerdere\u00a0rolluiken open of dicht sturen.<\/span><\/div>\n<\/td>\n<\/tr>\n<tr>\n<td align=\"center\" width=\"58\"><a href=\"https:\/\/boutronic.nl\/wp-content\/uploads\/2024\/08\/LS2_Therm.jpg\"><img decoding=\"async\" class=\"alignnone wp-image-1683\" src=\"https:\/\/boutronic.nl\/wp-content\/uploads\/2024\/08\/LS2_Therm.jpg\" alt=\"\" width=\"48\" height=\"48\" srcset=\"https:\/\/boutronic.nl\/wp-content\/uploads\/2024\/08\/LS2_Therm.jpg 200w, https:\/\/boutronic.nl\/wp-content\/uploads\/2024\/08\/LS2_Therm-150x150.jpg 150w, https:\/\/boutronic.nl\/wp-content\/uploads\/2024\/08\/LS2_Therm-12x12.jpg 12w, https:\/\/boutronic.nl\/wp-content\/uploads\/2024\/08\/LS2_Therm-100x100.jpg 100w\" sizes=\"(max-width: 48px) 100vw, 48px\" \/><\/a><\/td>\n<td width=\"549\">\n<div><strong><span lang=\"NL\">Thermostaatregeling met dag\/nacht stand<\/span><\/strong><\/div>\n<div><span lang=\"NL\">Schakelt automatisch naar een lagere temperatuur als de ruimte niet in gebruik is. Hierdoor bespaart u energie!<\/span><\/div>\n<\/td>\n<\/tr>\n<tr>\n<td align=\"center\" width=\"58\"><a href=\"https:\/\/boutronic.nl\/wp-content\/uploads\/2024\/08\/LS2_Ventilator1.jpg\"><img loading=\"lazy\" decoding=\"async\" class=\"alignnone wp-image-1680\" src=\"https:\/\/boutronic.nl\/wp-content\/uploads\/2024\/08\/LS2_Ventilator1.jpg\" alt=\"\" width=\"48\" height=\"48\" srcset=\"https:\/\/boutronic.nl\/wp-content\/uploads\/2024\/08\/LS2_Ventilator1.jpg 200w, https:\/\/boutronic.nl\/wp-content\/uploads\/2024\/08\/LS2_Ventilator1-150x150.jpg 150w, https:\/\/boutronic.nl\/wp-content\/uploads\/2024\/08\/LS2_Ventilator1-12x12.jpg 12w, https:\/\/boutronic.nl\/wp-content\/uploads\/2024\/08\/LS2_Ventilator1-100x100.jpg 100w\" sizes=\"(max-width: 48px) 100vw, 48px\" \/><\/a><\/td>\n<td width=\"549\">\n<div><strong><span lang=\"NL\">Koeling regeling met dag\/nacht stand<\/span><\/strong><\/div>\n<div><span lang=\"NL\">Aparte meting voor binnen- en buitentemperatuur.<\/span><\/div>\n<\/td>\n<\/tr>\n<tr>\n<td align=\"center\" width=\"58\"><a href=\"https:\/\/boutronic.nl\/wp-content\/uploads\/2024\/08\/5_LS2_valve.jpg\"><img loading=\"lazy\" decoding=\"async\" class=\"alignnone size-full wp-image-1686\" src=\"https:\/\/boutronic.nl\/wp-content\/uploads\/2024\/08\/5_LS2_valve.jpg\" alt=\"\" width=\"38\" height=\"38\" srcset=\"https:\/\/boutronic.nl\/wp-content\/uploads\/2024\/08\/5_LS2_valve.jpg 38w, https:\/\/boutronic.nl\/wp-content\/uploads\/2024\/08\/5_LS2_valve-12x12.jpg 12w\" sizes=\"(max-width: 38px) 100vw, 38px\" \/><\/a><\/td>\n<td width=\"549\">\n<div><strong><span lang=\"NL\">Verwarming- en ketelkleppen aansturen<\/span><\/strong><\/div>\n<div><span lang=\"NL\">Koppeling via 2-draads Boutronic CAN-bus netwerk<\/span><\/div>\n<\/td>\n<\/tr>\n<tr>\n<td align=\"center\" width=\"58\">\u00a0<img loading=\"lazy\" decoding=\"async\" class=\"alignnone wp-image-1696\" style=\"text-align: start\" src=\"https:\/\/boutronic.nl\/wp-content\/uploads\/2024\/01\/8b_MC3_Config.jpg\" alt=\"\" width=\"48\" height=\"48\" srcset=\"https:\/\/boutronic.nl\/wp-content\/uploads\/2024\/01\/8b_MC3_Config.jpg 120w, https:\/\/boutronic.nl\/wp-content\/uploads\/2024\/01\/8b_MC3_Config-12x12.jpg 12w, https:\/\/boutronic.nl\/wp-content\/uploads\/2024\/01\/8b_MC3_Config-100x100.jpg 100w\" sizes=\"(max-width: 48px) 100vw, 48px\" \/><\/td>\n<td width=\"549\">\n<div><strong><span lang=\"NL\">Instellingen wijzigen met uw Pc<\/span><\/strong><\/div>\n<div><span lang=\"NL\">U kunt instellingen wijzigen en bekijken met de Boutronic Studio.<\/span><\/div>\n<\/td>\n<\/tr>\n<\/tbody>\n<\/table>\n<h2>Netwerk koppeling<\/h2>\n<p>U kunt elke Lightswitch2 verbinden met het Boutronic CAN-bus netwerk. Via dit netwerk kunnen de printen onderling informatie uitwisselen en kunt u instellingen wijzigen met de Boutronic Studio.<\/p>\n<h2>Schakelaar ingangen<\/h2>\n<div>Op de ingangen van de Lightswitch2 kunt u alle typen schakelaars op aansluiten; van standaard schakelaar tot deurcontact. Het is ook mogelijk om de verlichting met een bewegingsmelder in te schakelen, zodat het licht inschakelt op het moment dat u de ruimte betreedt. De verlichting schakelt automaitsch uit na een door u ingestelde tijd.<\/div>\n<h2>Boutronic Studio<\/h2>\n<div>U kunt instellingen wijzigen en status informatie (zoals huidige temperatuur) opvragen met onze gratis windows applicatie: Boutronic Studio. U kunt de Lightswitch2 kan met uw PC verbinden door middel van RS232 (eventueel met USB converter) en\/of via TCP\/IP.<\/div>\n<div>\n<h2>Vormgeving<\/h2>\n<\/div>\n<div>Het LightSwitch2 is een compact apparaat, dat in een robuuste kunststof behuizing geleverd wordt.<\/div>\n<div>\n<h2>Instellingen<\/h2>\n<\/div>\n<ul>\n<li>Drie presets ingangen. \u00c9\u00e9n van deze\u00a0ingangen kunt u\u00a0bijvoorbeeld\u00a0gebruiken\u00a0als dag\/nacht ingang. Met deze dag\/nacht stand kunt u de verlichting van uw pand in \u00e9\u00e9n keer aan of uit schakelen.\u00a0Zo kunt u bijvoorbeeld na het activeren van uw alarminstallatie de verlichting in uw bedrijf uitschakelen en de buitenlamp activeren.<\/li>\n<li>De preset ingangen zijn in te stellen als\u00a0Normally Open (NO) of Normally Closed (NC).<\/li>\n<li>Vier ingangen. Deze\u00a0zijn onafhankelijk in te stellen als Normally Open (NO), Normally Closed (NC), pulse NO, pulse NC en Puls Both.<\/li>\n<li>Vier uitgangen. Deze\u00a0zijn onafhankelijk in te stellen als Normally Open (NO) of Normally Closed (NC), Per uitgang is de stuurtijd in te stellen tussen 30 sec, 2 uur.<\/li>\n<\/ul>\n<div>\n<h2>Technische specificaties<\/h2>\n<\/div>\n<ul>\n<li>Voeding:\u00a0230VAC.<\/li>\n<li>4 Schakelaar ingangen: Potentiaal vrij, en instelbaar NO, NC, pulse NO, pulse NC.<\/li>\n<li>3 Presets\u00a0ingangen voor\u00a0bijvoorbeeld dag\/nacht: Potentiaal vrij, NO.<br \/>\nDe presetstaus kan worden door gegeven via de BCB naar elke andere lightswitch in het netwerk.<\/li>\n<li>Analoog in 2 stuks, 0\u20265V<\/li>\n<li>4 Uitgangen voor lichtsturing:\n<ul>\n<li>Solid state uitgangen\n<ul>\n<li>De uitgangen zijn voorzien van een nuldoorgangsdetectie.<\/li>\n<li>Optisch scheiding, tot 4000Veff.<\/li>\n<li>Overspanningbeveiliging aanwezig.<\/li>\n<li>230VAC, max. 2A. 460W per uitgang.<\/li>\n<li>Totale opgenomen vermogen: 1kW.<\/li>\n<\/ul>\n<\/li>\n<li>\u00d3f relais uitgangen\n<ul>\n<li>4 stuks, voor verwarming of lichtsturing.<\/li>\n<li>230VAC, max. 2A. 460W per uitgang.<\/li>\n<li>Totale opgenomen vermogen: 1kW<\/li>\n<\/ul>\n<\/li>\n<\/ul>\n<\/li>\n<\/ul>","protected":false},"excerpt":{"rendered":"<p>Aansturing voor verlichting, Thermostaat en rolluiken<\/p>","protected":false},"featured_media":1684,"comment_status":"closed","ping_status":"closed","template":"","meta":[],"product_brand":[],"product_cat":[26],"product_tag":[],"class_list":{"0":"post-1687","1":"product","2":"type-product","3":"status-publish","4":"has-post-thumbnail","6":"product_cat-besturingstechniek","8":"first","9":"instock","10":"shipping-taxable","11":"product-type-simple"},"yoast_head":"<!-- This site is optimized with the Yoast SEO plugin v27.2 - https:\/\/yoast.com\/product\/yoast-seo-wordpress\/ -->\n<title>Lightswitch 2 - Boutronic B.V.<\/title>\n<meta name=\"robots\" content=\"index, follow, max-snippet:-1, max-image-preview:large, max-video-preview:-1\" \/>\n<link rel=\"canonical\" href=\"https:\/\/boutronic.nl\/en\/product\/lightswitch-2\/\" \/>\n<meta property=\"og:locale\" content=\"en_GB\" \/>\n<meta property=\"og:type\" content=\"article\" \/>\n<meta property=\"og:title\" content=\"Lightswitch 2 - Boutronic B.V.\" \/>\n<meta property=\"og:description\" content=\"Aansturing voor verlichting, Thermostaat en rolluiken\" \/>\n<meta property=\"og:url\" content=\"https:\/\/boutronic.nl\/en\/product\/lightswitch-2\/\" \/>\n<meta property=\"og:site_name\" content=\"Boutronic B.V.\" \/>\n<meta property=\"article:modified_time\" content=\"2024-08-05T14:55:11+00:00\" \/>\n<meta property=\"og:image\" content=\"https:\/\/boutronic.nl\/wp-content\/uploads\/2024\/08\/big-23.jpg\" \/>\n\t<meta property=\"og:image:width\" content=\"600\" \/>\n\t<meta property=\"og:image:height\" content=\"400\" \/>\n\t<meta property=\"og:image:type\" content=\"image\/jpeg\" \/>\n<meta name=\"twitter:card\" content=\"summary_large_image\" \/>\n<meta name=\"twitter:label1\" content=\"Estimated reading time\" \/>\n\t<meta name=\"twitter:data1\" content=\"5 minutes\" \/>\n<script type=\"application\/ld+json\" class=\"yoast-schema-graph\">{\"@context\":\"https:\/\/schema.org\",\"@graph\":[{\"@type\":\"WebPage\",\"@id\":\"https:\/\/boutronic.nl\/product\/lightswitch-2\/\",\"url\":\"https:\/\/boutronic.nl\/product\/lightswitch-2\/\",\"name\":\"Lightswitch 2 - Boutronic B.V.\",\"isPartOf\":{\"@id\":\"https:\/\/boutronic.nl\/#website\"},\"primaryImageOfPage\":{\"@id\":\"https:\/\/boutronic.nl\/product\/lightswitch-2\/#primaryimage\"},\"image\":{\"@id\":\"https:\/\/boutronic.nl\/product\/lightswitch-2\/#primaryimage\"},\"thumbnailUrl\":\"https:\/\/boutronic.nl\/wp-content\/uploads\/2024\/08\/big-23.jpg\",\"datePublished\":\"2024-08-05T12:53:07+00:00\",\"dateModified\":\"2024-08-05T14:55:11+00:00\",\"breadcrumb\":{\"@id\":\"https:\/\/boutronic.nl\/product\/lightswitch-2\/#breadcrumb\"},\"inLanguage\":\"en-GB\",\"potentialAction\":[{\"@type\":\"ReadAction\",\"target\":[\"https:\/\/boutronic.nl\/product\/lightswitch-2\/\"]}]},{\"@type\":\"ImageObject\",\"inLanguage\":\"en-GB\",\"@id\":\"https:\/\/boutronic.nl\/product\/lightswitch-2\/#primaryimage\",\"url\":\"https:\/\/boutronic.nl\/wp-content\/uploads\/2024\/08\/big-23.jpg\",\"contentUrl\":\"https:\/\/boutronic.nl\/wp-content\/uploads\/2024\/08\/big-23.jpg\",\"width\":600,\"height\":400},{\"@type\":\"BreadcrumbList\",\"@id\":\"https:\/\/boutronic.nl\/product\/lightswitch-2\/#breadcrumb\",\"itemListElement\":[{\"@type\":\"ListItem\",\"position\":1,\"name\":\"Home\",\"item\":\"https:\/\/boutronic.nl\/\"},{\"@type\":\"ListItem\",\"position\":2,\"name\":\"Producten\",\"item\":\"https:\/\/boutronic.nl\/producten\/\"},{\"@type\":\"ListItem\",\"position\":3,\"name\":\"Lightswitch 2\"}]},{\"@type\":\"WebSite\",\"@id\":\"https:\/\/boutronic.nl\/#website\",\"url\":\"https:\/\/boutronic.nl\/\",\"name\":\"Boutronic B.V.\",\"description\":\"Boutronic is gespecialiseerd in de ontwikkeling van hoogwaardige elektronische systemen.\",\"potentialAction\":[{\"@type\":\"SearchAction\",\"target\":{\"@type\":\"EntryPoint\",\"urlTemplate\":\"https:\/\/boutronic.nl\/?s={search_term_string}\"},\"query-input\":{\"@type\":\"PropertyValueSpecification\",\"valueRequired\":true,\"valueName\":\"search_term_string\"}}],\"inLanguage\":\"en-GB\"}]}<\/script>\n<!-- \/ Yoast SEO plugin. -->","yoast_head_json":{"title":"Lightswitch 2 - Boutronic B.V.","robots":{"index":"index","follow":"follow","max-snippet":"max-snippet:-1","max-image-preview":"max-image-preview:large","max-video-preview":"max-video-preview:-1"},"canonical":"https:\/\/boutronic.nl\/en\/product\/lightswitch-2\/","og_locale":"en_GB","og_type":"article","og_title":"Lightswitch 2 - Boutronic B.V.","og_description":"Aansturing voor verlichting, Thermostaat en rolluiken","og_url":"https:\/\/boutronic.nl\/en\/product\/lightswitch-2\/","og_site_name":"Boutronic B.V.","article_modified_time":"2024-08-05T14:55:11+00:00","og_image":[{"width":600,"height":400,"url":"https:\/\/boutronic.nl\/wp-content\/uploads\/2024\/08\/big-23.jpg","type":"image\/jpeg"}],"twitter_card":"summary_large_image","twitter_misc":{"Estimated reading time":"5 minutes"},"schema":{"@context":"https:\/\/schema.org","@graph":[{"@type":"WebPage","@id":"https:\/\/boutronic.nl\/product\/lightswitch-2\/","url":"https:\/\/boutronic.nl\/product\/lightswitch-2\/","name":"Lightswitch 2 - Boutronic B.V.","isPartOf":{"@id":"https:\/\/boutronic.nl\/#website"},"primaryImageOfPage":{"@id":"https:\/\/boutronic.nl\/product\/lightswitch-2\/#primaryimage"},"image":{"@id":"https:\/\/boutronic.nl\/product\/lightswitch-2\/#primaryimage"},"thumbnailUrl":"https:\/\/boutronic.nl\/wp-content\/uploads\/2024\/08\/big-23.jpg","datePublished":"2024-08-05T12:53:07+00:00","dateModified":"2024-08-05T14:55:11+00:00","breadcrumb":{"@id":"https:\/\/boutronic.nl\/product\/lightswitch-2\/#breadcrumb"},"inLanguage":"en-GB","potentialAction":[{"@type":"ReadAction","target":["https:\/\/boutronic.nl\/product\/lightswitch-2\/"]}]},{"@type":"ImageObject","inLanguage":"en-GB","@id":"https:\/\/boutronic.nl\/product\/lightswitch-2\/#primaryimage","url":"https:\/\/boutronic.nl\/wp-content\/uploads\/2024\/08\/big-23.jpg","contentUrl":"https:\/\/boutronic.nl\/wp-content\/uploads\/2024\/08\/big-23.jpg","width":600,"height":400},{"@type":"BreadcrumbList","@id":"https:\/\/boutronic.nl\/product\/lightswitch-2\/#breadcrumb","itemListElement":[{"@type":"ListItem","position":1,"name":"Home","item":"https:\/\/boutronic.nl\/"},{"@type":"ListItem","position":2,"name":"Producten","item":"https:\/\/boutronic.nl\/producten\/"},{"@type":"ListItem","position":3,"name":"Lightswitch 2"}]},{"@type":"WebSite","@id":"https:\/\/boutronic.nl\/#website","url":"https:\/\/boutronic.nl\/","name":"Boutronic B.V.","description":"Boutronic is gespecialiseerd in de ontwikkeling van hoogwaardige elektronische systemen.","potentialAction":[{"@type":"SearchAction","target":{"@type":"EntryPoint","urlTemplate":"https:\/\/boutronic.nl\/?s={search_term_string}"},"query-input":{"@type":"PropertyValueSpecification","valueRequired":true,"valueName":"search_term_string"}}],"inLanguage":"en-GB"}]}},"_links":{"self":[{"href":"https:\/\/boutronic.nl\/en\/wp-json\/wp\/v2\/product\/1687","targetHints":{"allow":["GET"]}}],"collection":[{"href":"https:\/\/boutronic.nl\/en\/wp-json\/wp\/v2\/product"}],"about":[{"href":"https:\/\/boutronic.nl\/en\/wp-json\/wp\/v2\/types\/product"}],"replies":[{"embeddable":true,"href":"https:\/\/boutronic.nl\/en\/wp-json\/wp\/v2\/comments?post=1687"}],"wp:featuredmedia":[{"embeddable":true,"href":"https:\/\/boutronic.nl\/en\/wp-json\/wp\/v2\/media\/1684"}],"wp:attachment":[{"href":"https:\/\/boutronic.nl\/en\/wp-json\/wp\/v2\/media?parent=1687"}],"wp:term":[{"taxonomy":"product_brand","embeddable":true,"href":"https:\/\/boutronic.nl\/en\/wp-json\/wp\/v2\/product_brand?post=1687"},{"taxonomy":"product_cat","embeddable":true,"href":"https:\/\/boutronic.nl\/en\/wp-json\/wp\/v2\/product_cat?post=1687"},{"taxonomy":"product_tag","embeddable":true,"href":"https:\/\/boutronic.nl\/en\/wp-json\/wp\/v2\/product_tag?post=1687"}],"curies":[{"name":"wp","href":"https:\/\/api.w.org\/{rel}","templated":true}]}}