{"id":1575,"date":"2024-06-14T11:06:49","date_gmt":"2024-06-14T11:06:49","guid":{"rendered":"https:\/\/boutronic.nl\/?post_type=product&#038;p=1575"},"modified":"2025-04-16T15:00:00","modified_gmt":"2025-04-16T14:00:00","slug":"keylock","status":"publish","type":"product","link":"https:\/\/boutronic.nl\/en\/product\/keylock\/","title":{"rendered":"Keylock"},"content":{"rendered":"<div>De Keylock is een elektronisch codeslot. Als een gebruiker een juiste code intoetst op het keypad wordt toegang verleend. De Keylock is een veelzijdig codeslot welke u in vele situaties kunt toepassen. Het toevoegen en verwijderen van codes is zeer eenvoudig, zodat u snel en adequaat kunt voorkomen dat onbevoegden toegang krijgen. Het keypad is standaard voorzien van blauw verlichtte toetsten zodat u ook eenvoudig in het donker de juiste code kunt intoetsen.<\/div>\n<div><\/div>\n<p><a href=\"https:\/\/boutronic.nl\/wp-content\/uploads\/2024\/06\/Keylock_sch2_big.jpg\"><img fetchpriority=\"high\" decoding=\"async\" class=\"alignnone wp-image-1580\" src=\"https:\/\/boutronic.nl\/wp-content\/uploads\/2024\/06\/Keylock_sch2_big-300x93.jpg\" alt=\"\" width=\"535\" height=\"166\" srcset=\"https:\/\/boutronic.nl\/wp-content\/uploads\/2024\/06\/Keylock_sch2_big-300x93.jpg 300w, https:\/\/boutronic.nl\/wp-content\/uploads\/2024\/06\/Keylock_sch2_big-18x6.jpg 18w, https:\/\/boutronic.nl\/wp-content\/uploads\/2024\/06\/Keylock_sch2_big-600x186.jpg 600w, https:\/\/boutronic.nl\/wp-content\/uploads\/2024\/06\/Keylock_sch2_big.jpg 640w\" sizes=\"(max-width: 535px) 100vw, 535px\" \/><\/a><\/p>\n<div><\/div>\n<div>\n<h2>Verschillende uitvoeringen<\/h2>\n<table style=\"width: 60%\">\n<tbody>\n<tr style=\"background-color: white\">\n<td style=\"background-color: white\"><a href=\"https:\/\/boutronic.nl\/wp-content\/uploads\/2024\/06\/keylock_alu_big.jpg\"><img decoding=\"async\" class=\"alignnone size-medium wp-image-1578\" src=\"https:\/\/boutronic.nl\/wp-content\/uploads\/2024\/06\/keylock_alu_big-300x200.jpg\" alt=\"\" width=\"300\" height=\"200\" srcset=\"https:\/\/boutronic.nl\/wp-content\/uploads\/2024\/06\/keylock_alu_big-300x200.jpg 300w, https:\/\/boutronic.nl\/wp-content\/uploads\/2024\/06\/keylock_alu_big-18x12.jpg 18w, https:\/\/boutronic.nl\/wp-content\/uploads\/2024\/06\/keylock_alu_big.jpg 600w\" sizes=\"(max-width: 300px) 100vw, 300px\" \/><\/a><\/p>\n<p><b>Keylock SA aluminium<\/b><br \/>\nStand alone keylock met deurpost en adapter<\/td>\n<td style=\"background-color: white\"><a href=\"https:\/\/boutronic.nl\/wp-content\/uploads\/2024\/06\/keylock_zw_big.jpg\"><img decoding=\"async\" class=\"alignnone size-medium wp-image-1577\" src=\"https:\/\/boutronic.nl\/wp-content\/uploads\/2024\/06\/keylock_zw_big-300x200.jpg\" alt=\"\" width=\"300\" height=\"200\" srcset=\"https:\/\/boutronic.nl\/wp-content\/uploads\/2024\/06\/keylock_zw_big-300x200.jpg 300w, https:\/\/boutronic.nl\/wp-content\/uploads\/2024\/06\/keylock_zw_big-18x12.jpg 18w, https:\/\/boutronic.nl\/wp-content\/uploads\/2024\/06\/keylock_zw_big.jpg 600w\" sizes=\"(max-width: 300px) 100vw, 300px\" \/><\/a><\/p>\n<p><b>Keylock SA zwart<\/b><br \/>\nStand alone keylock met deurpost en adapter<\/td>\n<\/tr>\n<\/tbody>\n<\/table>\n<\/div>\n<h2>Keylock en Multicom combinatie<\/h2>\n<p>Voor een compleet toegangscontrole systeem, kunt u de (interne) Keylock combineren met de Multicom. U kunt de Keylock uiteraard ook stand alone gebruiken.<\/p>\n<h2>Combinatie met een tijdklok<\/h2>\n<div>Er kunnen 32 verschillende codes worden ingesteld. De codes kunnen verdeeld worden in drie groepen. Als u deze groepen combineert met een tijdklok, dan kunt u\u00a0 per dag en per tijdstip bepalen wie toegang heeft tot de bewaakte ruimte.<\/div>\n<div><\/div>\n<div>\n<h2>Vormgeving<\/h2>\n<div>\n<div>De Multicom bestaat uit twee delen:<\/div>\n<table border=\"0\" width=\"440\" cellspacing=\"0\" cellpadding=\"0\">\n<tbody>\n<tr>\n<td valign=\"top\"><strong>Binnen:\u00a0<\/strong><\/td>\n<td>\n<div><strong>Keylock besturing<\/strong><br \/>\nAlle elektronica in een robuuste kunststof behuizing. Deze behuizing wordt in het gebouw gemonteerd, waardoor weersinvloeden en vandalisme totaal zijn uitgesloten. (200x120x90mm).<\/div>\n<div><\/div>\n<\/td>\n<\/tr>\n<tr>\n<td valign=\"top\">\n<div><strong>Buiten:<\/strong><\/div>\n<\/td>\n<td>\n<div><strong>Aluminium keypad<\/strong><br \/>\nHet keypad bevat geen gevoelige elektronica en is vervaardigd van stevig geanodiseerd aluminium. Het is mogelijk om het keypad uit te rusten met verlichtte toetsen.<\/div>\n<\/td>\n<\/tr>\n<\/tbody>\n<\/table>\n<\/div>\n<div><\/div>\n<\/div>\n<div>\n<h2>Instellingen<\/h2>\n<\/div>\n<div>U kunt de volgende instellingen wijzigen Via het keypad:<\/div>\n<div>&#8211; 32 toegangscode wijzigen, toevoegen of verwijderen.<\/div>\n<div>&#8211; 3 verschillende groepen (voor bijvoorbeeld dag- of nachtstand).<\/div>\n<div>&#8211; De ontgrendeltijd en type van de 3 uitgangen.<\/div>\n<div>&#8211; Herstellen van de fabrieksinstellingen.<\/div>\n<div>&#8211; Speciale chauffeursfunctie.<\/div>\n<div><\/div>\n<div>\n<h2>Technische specificaties<\/h2>\n<\/div>\n<ul>\n<li>Voeding 10 &#8211; 30VDC.<\/li>\n<li>2 drukknopingangen voor het verlaten van het gebouw.<\/li>\n<li>Keypad aansluiting.<\/li>\n<li>1 relais uitgang.<\/li>\n<li>3 open collector uitgangen. 10-30VDC 1A<\/li>\n<\/ul>\n<div>\n<h2>Extra opties<\/h2>\n<\/div>\n<div>Op \u00e9\u00e9n systeem kunt u meerdere keypads aansluiten. Bijvoorbeeld \u00e9\u00e9n keypad binnen en \u00e9\u00e9n keypad buiten, waardoor het gebouw met een code moet worden betreden \u00e9n verlaten.<\/div>\n<div><\/div>\n<div><strong>De Keylock is leverbaar in verschillende uitvoeringen:<\/strong><\/div>\n<div>&#8211; Stand-alone uitvoering<\/div>\n<div>&#8211; Combinatie uitvoering met de Multicom.<br \/>\nHet keypad wordt in de deurpost van de Multicom ingebouwd.<\/div>","protected":false},"excerpt":{"rendered":"<p>Toegangscontrole met een code<\/p>","protected":false},"featured_media":1599,"comment_status":"closed","ping_status":"closed","template":"","meta":[],"product_brand":[],"product_cat":[22],"product_tag":[],"class_list":{"0":"post-1575","1":"product","2":"type-product","3":"status-publish","4":"has-post-thumbnail","6":"product_cat-toegangscontrole","8":"first","9":"instock","10":"shipping-taxable","11":"product-type-simple"},"yoast_head":"<!-- This site is optimized with the Yoast SEO plugin v27.2 - https:\/\/yoast.com\/product\/yoast-seo-wordpress\/ -->\n<title>Keylock - Boutronic B.V.<\/title>\n<meta name=\"robots\" content=\"index, follow, max-snippet:-1, max-image-preview:large, max-video-preview:-1\" \/>\n<link rel=\"canonical\" href=\"https:\/\/boutronic.nl\/en\/product\/keylock\/\" \/>\n<meta property=\"og:locale\" content=\"en_GB\" \/>\n<meta property=\"og:type\" content=\"article\" \/>\n<meta property=\"og:title\" content=\"Keylock - Boutronic B.V.\" \/>\n<meta property=\"og:description\" content=\"Toegangscontrole met een code\" \/>\n<meta property=\"og:url\" content=\"https:\/\/boutronic.nl\/en\/product\/keylock\/\" \/>\n<meta property=\"og:site_name\" content=\"Boutronic B.V.\" \/>\n<meta property=\"article:modified_time\" content=\"2025-04-16T14:00:00+00:00\" \/>\n<meta property=\"og:image\" content=\"https:\/\/boutronic.nl\/wp-content\/uploads\/2024\/06\/Keylock_set_2.png\" \/>\n\t<meta property=\"og:image:width\" content=\"1160\" \/>\n\t<meta property=\"og:image:height\" content=\"1059\" \/>\n\t<meta property=\"og:image:type\" content=\"image\/png\" \/>\n<meta name=\"twitter:card\" content=\"summary_large_image\" \/>\n<meta name=\"twitter:label1\" content=\"Estimated reading time\" \/>\n\t<meta name=\"twitter:data1\" content=\"3 minutes\" \/>\n<script type=\"application\/ld+json\" class=\"yoast-schema-graph\">{\"@context\":\"https:\/\/schema.org\",\"@graph\":[{\"@type\":\"WebPage\",\"@id\":\"https:\/\/boutronic.nl\/product\/keylock\/\",\"url\":\"https:\/\/boutronic.nl\/product\/keylock\/\",\"name\":\"Keylock - Boutronic B.V.\",\"isPartOf\":{\"@id\":\"https:\/\/boutronic.nl\/#website\"},\"primaryImageOfPage\":{\"@id\":\"https:\/\/boutronic.nl\/product\/keylock\/#primaryimage\"},\"image\":{\"@id\":\"https:\/\/boutronic.nl\/product\/keylock\/#primaryimage\"},\"thumbnailUrl\":\"https:\/\/boutronic.nl\/wp-content\/uploads\/2024\/06\/Keylock_set_2.png\",\"datePublished\":\"2024-06-14T11:06:49+00:00\",\"dateModified\":\"2025-04-16T14:00:00+00:00\",\"breadcrumb\":{\"@id\":\"https:\/\/boutronic.nl\/product\/keylock\/#breadcrumb\"},\"inLanguage\":\"en-GB\",\"potentialAction\":[{\"@type\":\"ReadAction\",\"target\":[\"https:\/\/boutronic.nl\/product\/keylock\/\"]}]},{\"@type\":\"ImageObject\",\"inLanguage\":\"en-GB\",\"@id\":\"https:\/\/boutronic.nl\/product\/keylock\/#primaryimage\",\"url\":\"https:\/\/boutronic.nl\/wp-content\/uploads\/2024\/06\/Keylock_set_2.png\",\"contentUrl\":\"https:\/\/boutronic.nl\/wp-content\/uploads\/2024\/06\/Keylock_set_2.png\",\"width\":1160,\"height\":1059},{\"@type\":\"BreadcrumbList\",\"@id\":\"https:\/\/boutronic.nl\/product\/keylock\/#breadcrumb\",\"itemListElement\":[{\"@type\":\"ListItem\",\"position\":1,\"name\":\"Home\",\"item\":\"https:\/\/boutronic.nl\/\"},{\"@type\":\"ListItem\",\"position\":2,\"name\":\"Producten\",\"item\":\"https:\/\/boutronic.nl\/producten\/\"},{\"@type\":\"ListItem\",\"position\":3,\"name\":\"Keylock\"}]},{\"@type\":\"WebSite\",\"@id\":\"https:\/\/boutronic.nl\/#website\",\"url\":\"https:\/\/boutronic.nl\/\",\"name\":\"Boutronic B.V.\",\"description\":\"Boutronic is gespecialiseerd in de ontwikkeling van hoogwaardige elektronische systemen.\",\"potentialAction\":[{\"@type\":\"SearchAction\",\"target\":{\"@type\":\"EntryPoint\",\"urlTemplate\":\"https:\/\/boutronic.nl\/?s={search_term_string}\"},\"query-input\":{\"@type\":\"PropertyValueSpecification\",\"valueRequired\":true,\"valueName\":\"search_term_string\"}}],\"inLanguage\":\"en-GB\"}]}<\/script>\n<!-- \/ Yoast SEO plugin. -->","yoast_head_json":{"title":"Keylock - Boutronic B.V.","robots":{"index":"index","follow":"follow","max-snippet":"max-snippet:-1","max-image-preview":"max-image-preview:large","max-video-preview":"max-video-preview:-1"},"canonical":"https:\/\/boutronic.nl\/en\/product\/keylock\/","og_locale":"en_GB","og_type":"article","og_title":"Keylock - Boutronic B.V.","og_description":"Toegangscontrole met een code","og_url":"https:\/\/boutronic.nl\/en\/product\/keylock\/","og_site_name":"Boutronic B.V.","article_modified_time":"2025-04-16T14:00:00+00:00","og_image":[{"width":1160,"height":1059,"url":"https:\/\/boutronic.nl\/wp-content\/uploads\/2024\/06\/Keylock_set_2.png","type":"image\/png"}],"twitter_card":"summary_large_image","twitter_misc":{"Estimated reading time":"3 minutes"},"schema":{"@context":"https:\/\/schema.org","@graph":[{"@type":"WebPage","@id":"https:\/\/boutronic.nl\/product\/keylock\/","url":"https:\/\/boutronic.nl\/product\/keylock\/","name":"Keylock - Boutronic B.V.","isPartOf":{"@id":"https:\/\/boutronic.nl\/#website"},"primaryImageOfPage":{"@id":"https:\/\/boutronic.nl\/product\/keylock\/#primaryimage"},"image":{"@id":"https:\/\/boutronic.nl\/product\/keylock\/#primaryimage"},"thumbnailUrl":"https:\/\/boutronic.nl\/wp-content\/uploads\/2024\/06\/Keylock_set_2.png","datePublished":"2024-06-14T11:06:49+00:00","dateModified":"2025-04-16T14:00:00+00:00","breadcrumb":{"@id":"https:\/\/boutronic.nl\/product\/keylock\/#breadcrumb"},"inLanguage":"en-GB","potentialAction":[{"@type":"ReadAction","target":["https:\/\/boutronic.nl\/product\/keylock\/"]}]},{"@type":"ImageObject","inLanguage":"en-GB","@id":"https:\/\/boutronic.nl\/product\/keylock\/#primaryimage","url":"https:\/\/boutronic.nl\/wp-content\/uploads\/2024\/06\/Keylock_set_2.png","contentUrl":"https:\/\/boutronic.nl\/wp-content\/uploads\/2024\/06\/Keylock_set_2.png","width":1160,"height":1059},{"@type":"BreadcrumbList","@id":"https:\/\/boutronic.nl\/product\/keylock\/#breadcrumb","itemListElement":[{"@type":"ListItem","position":1,"name":"Home","item":"https:\/\/boutronic.nl\/"},{"@type":"ListItem","position":2,"name":"Producten","item":"https:\/\/boutronic.nl\/producten\/"},{"@type":"ListItem","position":3,"name":"Keylock"}]},{"@type":"WebSite","@id":"https:\/\/boutronic.nl\/#website","url":"https:\/\/boutronic.nl\/","name":"Boutronic B.V.","description":"Boutronic is gespecialiseerd in de ontwikkeling van hoogwaardige elektronische systemen.","potentialAction":[{"@type":"SearchAction","target":{"@type":"EntryPoint","urlTemplate":"https:\/\/boutronic.nl\/?s={search_term_string}"},"query-input":{"@type":"PropertyValueSpecification","valueRequired":true,"valueName":"search_term_string"}}],"inLanguage":"en-GB"}]}},"_links":{"self":[{"href":"https:\/\/boutronic.nl\/en\/wp-json\/wp\/v2\/product\/1575","targetHints":{"allow":["GET"]}}],"collection":[{"href":"https:\/\/boutronic.nl\/en\/wp-json\/wp\/v2\/product"}],"about":[{"href":"https:\/\/boutronic.nl\/en\/wp-json\/wp\/v2\/types\/product"}],"replies":[{"embeddable":true,"href":"https:\/\/boutronic.nl\/en\/wp-json\/wp\/v2\/comments?post=1575"}],"wp:featuredmedia":[{"embeddable":true,"href":"https:\/\/boutronic.nl\/en\/wp-json\/wp\/v2\/media\/1599"}],"wp:attachment":[{"href":"https:\/\/boutronic.nl\/en\/wp-json\/wp\/v2\/media?parent=1575"}],"wp:term":[{"taxonomy":"product_brand","embeddable":true,"href":"https:\/\/boutronic.nl\/en\/wp-json\/wp\/v2\/product_brand?post=1575"},{"taxonomy":"product_cat","embeddable":true,"href":"https:\/\/boutronic.nl\/en\/wp-json\/wp\/v2\/product_cat?post=1575"},{"taxonomy":"product_tag","embeddable":true,"href":"https:\/\/boutronic.nl\/en\/wp-json\/wp\/v2\/product_tag?post=1575"}],"curies":[{"name":"wp","href":"https:\/\/api.w.org\/{rel}","templated":true}]}}